{"id":1896,"date":"2023-12-01T09:10:54","date_gmt":"2023-12-01T09:10:54","guid":{"rendered":"https:\/\/esr.solar\/canal-etic\/"},"modified":"2026-01-21T14:06:57","modified_gmt":"2026-01-21T14:06:57","slug":"canal-etic","status":"publish","type":"page","link":"https:\/\/esr.solar\/ca\/canal-etic\/","title":{"rendered":"Canal \u00e8tic"},"content":{"rendered":"[vc_row type=&#8221;in_container&#8221; full_screen_row_position=&#8221;middle&#8221; column_margin=&#8221;default&#8221; column_direction=&#8221;default&#8221; column_direction_tablet=&#8221;default&#8221; column_direction_phone=&#8221;default&#8221; scene_position=&#8221;center&#8221; text_color=&#8221;dark&#8221; text_align=&#8221;left&#8221; row_border_radius=&#8221;none&#8221; row_border_radius_applies=&#8221;bg&#8221; overlay_strength=&#8221;0.3&#8243; gradient_direction=&#8221;left_to_right&#8221; shape_divider_position=&#8221;bottom&#8221; bg_image_animation=&#8221;none&#8221;][vc_column column_padding=&#8221;no-extra-padding&#8221; column_padding_tablet=&#8221;inherit&#8221; column_padding_phone=&#8221;inherit&#8221; column_padding_position=&#8221;all&#8221; column_element_spacing=&#8221;default&#8221; background_color_opacity=&#8221;1&#8243; background_hover_color_opacity=&#8221;1&#8243; column_shadow=&#8221;none&#8221; column_border_radius=&#8221;none&#8221; column_link_target=&#8221;_self&#8221; gradient_direction=&#8221;left_to_right&#8221; overlay_strength=&#8221;0.3&#8243; width=&#8221;1\/1&#8243; tablet_width_inherit=&#8221;default&#8221; tablet_text_alignment=&#8221;default&#8221; phone_text_alignment=&#8221;default&#8221; bg_image_animation=&#8221;none&#8221; border_type=&#8221;simple&#8221; column_border_width=&#8221;none&#8221; column_border_style=&#8221;solid&#8221;][vc_column_text]\n<h2 style=\"text-align:center;\">Canal \u00c8tic<\/h2>\n<p>ESR ENERGY SOLUTIONS, S.L., t\u00e9 el ferm comprom\u00eds d&#8217;oferir el millor servei als seus clients, el millor tracte als prove\u00efdors i el millor entorn laboral per a les persones treballadores. En definitiva, que el nostre comportament serveixi per construir una societat millor per a tothom. <\/p>\n<p>ESR ENERGY SOLUTIONS, S.L., posa a la vostra disposici\u00f3 aquest lloc on posar en el nostre coneixement qualsevol infracci\u00f3 penal o administrativa, conductes irregulars, incompliments del nostre codi \u00e8tic o r\u00e8gim intern, actes il\u00b7legals (qualsevol delicte com frau, robatoris, corrupci\u00f3, malversaci\u00f3, etc.), i qualsevol altre fet que a.<\/p>\n<p>El nostre Canal garanteix la confidencialitat, tant de la informaci\u00f3 comunicada, les dades personals de la persona que informe, aix\u00ed com les de les persones denunciades o afectades, complint amb la Llei 2\/2023, de 20 de febrer, de Protecci\u00f3 a l&#8217;Informant, el Reglament (UE) 2016\/679 del Parlament Europeu i del Consell6, de 27 la Llei Org\u00e0nica 3\/2018, del 5 de desembre, de protecci\u00f3 de dades i garantia de drets digitals.<\/p>\n<p>El compliment de tot all\u00f2 exposat i de la gesti\u00f3 de recepci\u00f3 de den\u00fancies remeses des del nostre Canal Intern de Den\u00fancies, est\u00e0 externalitzat a la consultora independent, Business Adapter\u00ae.<\/p>\n<p>Abans de denunciar, recordeu que ha de tenir motius raonables per creure, segons la informaci\u00f3 i circumst\u00e0ncies que disposi en el moment de la den\u00fancia, que els fets denunciats s\u00f3n certs. La nostra entitat analitzar\u00e0 la versemblan\u00e7a de la seva den\u00fancia i podr\u00e0 inadmetre-la si incompleix el que estableix la Llei 2\/2023 de 20 de febrer. <\/p>\n<a class=\"nectar-button n-sc-button medium accent-color regular-button\" target=\"_blank\" href=\"https:\/\/esr.solar\/wp-content\/uploads\/2023\/12\/Codigo-Etico.pdf\" data-color-override=\"#285ae2\" data-hover-color-override=\"false\" data-hover-text-color-override=\"#fff\"><span>Codi \u00e8tic<\/span><\/a>\n<a class=\"nectar-button n-sc-button medium accent-color regular-button\" target=\"_blank\" href=\"https:\/\/canalinternodenuncias.es\/esr\/\" data-color-override=\"#285ae2\" data-hover-color-override=\"false\" data-hover-text-color-override=\"#fff\"><span>Canal de den\u00fancies<\/span><\/a>[\/vc_column_text][\/vc_column][\/vc_row]\n","protected":false},"excerpt":{"rendered":"<p>[vc_row type=&#8221;in_container&#8221; full_screen_row_position=&#8221;middle&#8221; column_margin=&#8221;default&#8221; column_direction=&#8221;default&#8221; column_direction_tablet=&#8221;default&#8221; column_direction_phone=&#8221;default&#8221; scene_position=&#8221;center&#8221; text_color=&#8221;dark&#8221; text_align=&#8221;left&#8221; row_border_radius=&#8221;none&#8221; row_border_radius_applies=&#8221;bg&#8221; overlay_strength=&#8221;0.3&#8243; gradient_direction=&#8221;left_to_right&#8221; shape_divider_position=&#8221;bottom&#8221; bg_image_animation=&#8221;none&#8221;][vc_column column_padding=&#8221;no-extra-padding&#8221; column_padding_tablet=&#8221;inherit&#8221; column_padding_phone=&#8221;inherit&#8221; column_padding_position=&#8221;all&#8221; column_element_spacing=&#8221;default&#8221; background_color_opacity=&#8221;1&#8243; background_hover_color_opacity=&#8221;1&#8243; column_shadow=&#8221;none&#8221; column_border_radius=&#8221;none&#8221; column_link_target=&#8221;_self&#8221; gradient_direction=&#8221;left_to_right&#8221; overlay_strength=&#8221;0.3&#8243; width=&#8221;1\/1&#8243; tablet_width_inherit=&#8221;default&#8221;&#8230;<\/p>\n","protected":false},"author":5,"featured_media":0,"parent":0,"menu_order":0,"comment_status":"closed","ping_status":"closed","template":"","meta":{"om_disable_all_campaigns":false,"_glsr_average":0,"_glsr_ranking":0,"_glsr_reviews":0,"footnotes":""},"class_list":["post-1896","page","type-page","status-publish"],"yoast_head":"<!-- This site is optimized with the Yoast SEO plugin v24.1 - https:\/\/yoast.com\/wordpress\/plugins\/seo\/ -->\n<title>Canal \u00e8tic - ESR Energy Solutions<\/title>\n<meta name=\"robots\" content=\"index, follow, max-snippet:-1, max-image-preview:large, max-video-preview:-1\" \/>\n<link rel=\"canonical\" href=\"https:\/\/esr.solar\/ca\/canal-etic\/\" \/>\n<meta property=\"og:locale\" content=\"ca_ES\" \/>\n<meta property=\"og:type\" content=\"article\" \/>\n<meta property=\"og:title\" content=\"Canal \u00e8tic - ESR Energy Solutions\" \/>\n<meta property=\"og:description\" content=\"[vc_row type=&#8221;in_container&#8221; full_screen_row_position=&#8221;middle&#8221; column_margin=&#8221;default&#8221; column_direction=&#8221;default&#8221; column_direction_tablet=&#8221;default&#8221; column_direction_phone=&#8221;default&#8221; scene_position=&#8221;center&#8221; text_color=&#8221;dark&#8221; text_align=&#8221;left&#8221; row_border_radius=&#8221;none&#8221; row_border_radius_applies=&#8221;bg&#8221; overlay_strength=&#8221;0.3&#8243; gradient_direction=&#8221;left_to_right&#8221; shape_divider_position=&#8221;bottom&#8221; bg_image_animation=&#8221;none&#8221;][vc_column column_padding=&#8221;no-extra-padding&#8221; column_padding_tablet=&#8221;inherit&#8221; column_padding_phone=&#8221;inherit&#8221; column_padding_position=&#8221;all&#8221; column_element_spacing=&#8221;default&#8221; background_color_opacity=&#8221;1&#8243; background_hover_color_opacity=&#8221;1&#8243; column_shadow=&#8221;none&#8221; column_border_radius=&#8221;none&#8221; column_link_target=&#8221;_self&#8221; gradient_direction=&#8221;left_to_right&#8221; overlay_strength=&#8221;0.3&#8243; width=&#8221;1\/1&#8243; tablet_width_inherit=&#8221;default&#8221;...\" \/>\n<meta property=\"og:url\" content=\"https:\/\/esr.solar\/ca\/canal-etic\/\" \/>\n<meta property=\"og:site_name\" content=\"ESR Energy Solutions\" \/>\n<meta property=\"article:modified_time\" content=\"2026-01-21T14:06:57+00:00\" \/>\n<meta name=\"twitter:card\" content=\"summary_large_image\" \/>\n<meta name=\"twitter:label1\" content=\"Temps estimat de lectura\" \/>\n\t<meta name=\"twitter:data1\" content=\"2 minuts\" \/>\n<script type=\"application\/ld+json\" class=\"yoast-schema-graph\">{\"@context\":\"https:\/\/schema.org\",\"@graph\":[{\"@type\":\"WebPage\",\"@id\":\"https:\/\/esr.solar\/ca\/canal-etic\/\",\"url\":\"https:\/\/esr.solar\/ca\/canal-etic\/\",\"name\":\"Canal \u00e8tic - ESR Energy Solutions\",\"isPartOf\":{\"@id\":\"https:\/\/esr.solar\/#website\"},\"datePublished\":\"2023-12-01T09:10:54+00:00\",\"dateModified\":\"2026-01-21T14:06:57+00:00\",\"breadcrumb\":{\"@id\":\"https:\/\/esr.solar\/ca\/canal-etic\/#breadcrumb\"},\"inLanguage\":\"ca\",\"potentialAction\":[{\"@type\":\"ReadAction\",\"target\":[\"https:\/\/esr.solar\/ca\/canal-etic\/\"]}]},{\"@type\":\"BreadcrumbList\",\"@id\":\"https:\/\/esr.solar\/ca\/canal-etic\/#breadcrumb\",\"itemListElement\":[{\"@type\":\"ListItem\",\"position\":1,\"name\":\"Portada\",\"item\":\"https:\/\/esr.solar\/ca\/home\/\"},{\"@type\":\"ListItem\",\"position\":2,\"name\":\"Canal \u00e8tic\"}]},{\"@type\":\"WebSite\",\"@id\":\"https:\/\/esr.solar\/#website\",\"url\":\"https:\/\/esr.solar\/\",\"name\":\"ESR Energy Solutions\",\"description\":\"\",\"potentialAction\":[{\"@type\":\"SearchAction\",\"target\":{\"@type\":\"EntryPoint\",\"urlTemplate\":\"https:\/\/esr.solar\/?s={search_term_string}\"},\"query-input\":{\"@type\":\"PropertyValueSpecification\",\"valueRequired\":true,\"valueName\":\"search_term_string\"}}],\"inLanguage\":\"ca\"}]}<\/script>\n<!-- \/ Yoast SEO plugin. -->","yoast_head_json":{"title":"Canal \u00e8tic - ESR Energy Solutions","robots":{"index":"index","follow":"follow","max-snippet":"max-snippet:-1","max-image-preview":"max-image-preview:large","max-video-preview":"max-video-preview:-1"},"canonical":"https:\/\/esr.solar\/ca\/canal-etic\/","og_locale":"ca_ES","og_type":"article","og_title":"Canal \u00e8tic - ESR Energy Solutions","og_description":"[vc_row type=&#8221;in_container&#8221; full_screen_row_position=&#8221;middle&#8221; column_margin=&#8221;default&#8221; column_direction=&#8221;default&#8221; column_direction_tablet=&#8221;default&#8221; column_direction_phone=&#8221;default&#8221; scene_position=&#8221;center&#8221; text_color=&#8221;dark&#8221; text_align=&#8221;left&#8221; row_border_radius=&#8221;none&#8221; row_border_radius_applies=&#8221;bg&#8221; overlay_strength=&#8221;0.3&#8243; gradient_direction=&#8221;left_to_right&#8221; shape_divider_position=&#8221;bottom&#8221; bg_image_animation=&#8221;none&#8221;][vc_column column_padding=&#8221;no-extra-padding&#8221; column_padding_tablet=&#8221;inherit&#8221; column_padding_phone=&#8221;inherit&#8221; column_padding_position=&#8221;all&#8221; column_element_spacing=&#8221;default&#8221; background_color_opacity=&#8221;1&#8243; background_hover_color_opacity=&#8221;1&#8243; column_shadow=&#8221;none&#8221; column_border_radius=&#8221;none&#8221; column_link_target=&#8221;_self&#8221; gradient_direction=&#8221;left_to_right&#8221; overlay_strength=&#8221;0.3&#8243; width=&#8221;1\/1&#8243; tablet_width_inherit=&#8221;default&#8221;...","og_url":"https:\/\/esr.solar\/ca\/canal-etic\/","og_site_name":"ESR Energy Solutions","article_modified_time":"2026-01-21T14:06:57+00:00","twitter_card":"summary_large_image","twitter_misc":{"Temps estimat de lectura":"2 minuts"},"schema":{"@context":"https:\/\/schema.org","@graph":[{"@type":"WebPage","@id":"https:\/\/esr.solar\/ca\/canal-etic\/","url":"https:\/\/esr.solar\/ca\/canal-etic\/","name":"Canal \u00e8tic - ESR Energy Solutions","isPartOf":{"@id":"https:\/\/esr.solar\/#website"},"datePublished":"2023-12-01T09:10:54+00:00","dateModified":"2026-01-21T14:06:57+00:00","breadcrumb":{"@id":"https:\/\/esr.solar\/ca\/canal-etic\/#breadcrumb"},"inLanguage":"ca","potentialAction":[{"@type":"ReadAction","target":["https:\/\/esr.solar\/ca\/canal-etic\/"]}]},{"@type":"BreadcrumbList","@id":"https:\/\/esr.solar\/ca\/canal-etic\/#breadcrumb","itemListElement":[{"@type":"ListItem","position":1,"name":"Portada","item":"https:\/\/esr.solar\/ca\/home\/"},{"@type":"ListItem","position":2,"name":"Canal \u00e8tic"}]},{"@type":"WebSite","@id":"https:\/\/esr.solar\/#website","url":"https:\/\/esr.solar\/","name":"ESR Energy Solutions","description":"","potentialAction":[{"@type":"SearchAction","target":{"@type":"EntryPoint","urlTemplate":"https:\/\/esr.solar\/?s={search_term_string}"},"query-input":{"@type":"PropertyValueSpecification","valueRequired":true,"valueName":"search_term_string"}}],"inLanguage":"ca"}]}},"_links":{"self":[{"href":"https:\/\/esr.solar\/ca\/wp-json\/wp\/v2\/pages\/1896"}],"collection":[{"href":"https:\/\/esr.solar\/ca\/wp-json\/wp\/v2\/pages"}],"about":[{"href":"https:\/\/esr.solar\/ca\/wp-json\/wp\/v2\/types\/page"}],"author":[{"embeddable":true,"href":"https:\/\/esr.solar\/ca\/wp-json\/wp\/v2\/users\/5"}],"replies":[{"embeddable":true,"href":"https:\/\/esr.solar\/ca\/wp-json\/wp\/v2\/comments?post=1896"}],"version-history":[{"count":4,"href":"https:\/\/esr.solar\/ca\/wp-json\/wp\/v2\/pages\/1896\/revisions"}],"predecessor-version":[{"id":1907,"href":"https:\/\/esr.solar\/ca\/wp-json\/wp\/v2\/pages\/1896\/revisions\/1907"}],"wp:attachment":[{"href":"https:\/\/esr.solar\/ca\/wp-json\/wp\/v2\/media?parent=1896"}],"curies":[{"name":"wp","href":"https:\/\/api.w.org\/{rel}","templated":true}]}}