{"id":1901,"date":"2026-01-15T16:04:28","date_gmt":"2026-01-15T16:04:28","guid":{"rendered":"https:\/\/esr.solar\/treballa-amb-nosaltres\/"},"modified":"2026-01-15T16:04:28","modified_gmt":"2026-01-15T16:04:28","slug":"treballa-amb-nosaltres","status":"publish","type":"page","link":"https:\/\/esr.solar\/ca\/treballa-amb-nosaltres\/","title":{"rendered":"Treballa amb nosaltres"},"content":{"rendered":"\n<div class=\"wpcf7 no-js\" id=\"wpcf7-f1902-o1\" lang=\"ca\" dir=\"ltr\" data-wpcf7-id=\"1902\">\n<div class=\"screen-reader-response\"><p role=\"status\" aria-live=\"polite\" aria-atomic=\"true\"><\/p> <ul><\/ul><\/div>\n<form action=\"\/ca\/wp-json\/wp\/v2\/pages\/1901#wpcf7-f1902-o1\" method=\"post\" class=\"wpcf7-form init\" aria-label=\"Contact form\" enctype=\"multipart\/form-data\" novalidate=\"novalidate\" data-status=\"init\">\n<div style=\"display: none;\">\n<input type=\"hidden\" name=\"_wpcf7\" value=\"1902\" \/>\n<input type=\"hidden\" name=\"_wpcf7_version\" value=\"6.0.6\" \/>\n<input type=\"hidden\" name=\"_wpcf7_locale\" value=\"ca\" \/>\n<input type=\"hidden\" name=\"_wpcf7_unit_tag\" value=\"wpcf7-f1902-o1\" \/>\n<input type=\"hidden\" name=\"_wpcf7_container_post\" value=\"0\" \/>\n<input type=\"hidden\" name=\"_wpcf7_posted_data_hash\" value=\"\" \/>\n<\/div>\n<div class=\"form-contacto form-empleo\">\n\t<h4>Treballa amb nosaltres\n\t<\/h4>\n\t<div class=\"fields\">\n\t\t<div class=\"col-half\">\n\t\t\t<p><label>Nom complet*<\/label><br \/>\n<span class=\"wpcf7-form-control-wrap\" data-name=\"nombre\"><input size=\"40\" maxlength=\"400\" class=\"wpcf7-form-control wpcf7-text wpcf7-validates-as-required\" autocomplete=\"name\" aria-required=\"true\" aria-invalid=\"false\" value=\"\" type=\"text\" name=\"nombre\" \/><\/span>\n\t\t\t<\/p>\n\t\t<\/div>\n\t\t<div class=\"col-half\">\n\t\t\t<p><label>E-mail*<\/label><br \/>\n<span class=\"wpcf7-form-control-wrap\" data-name=\"email\"><input size=\"40\" maxlength=\"400\" class=\"wpcf7-form-control wpcf7-email wpcf7-validates-as-required wpcf7-text wpcf7-validates-as-email\" autocomplete=\"email\" aria-required=\"true\" aria-invalid=\"false\" value=\"\" type=\"email\" name=\"email\" \/><\/span>\n\t\t\t<\/p>\n\t\t<\/div>\n\t\t<p><span class=\"wpcf7-form-control-wrap\" data-name=\"consentimiento-empleo\"><span class=\"wpcf7-form-control wpcf7-checkbox wpcf7-validates-as-required\"><\/span><\/span>\n\t\t<\/p>\n\t\t<div class=\"col-half\">\n\t\t\t<p><label>Tel\u00e8fon<\/label><br \/>\n<span class=\"wpcf7-form-control-wrap\" data-name=\"telefono\"><input size=\"40\" maxlength=\"400\" class=\"wpcf7-form-control wpcf7-tel wpcf7-text wpcf7-validates-as-tel\" aria-invalid=\"false\" value=\"\" type=\"tel\" name=\"telefono\" \/><\/span>\n\t\t\t<\/p>\n\t\t<\/div>\n\t\t<div class=\"col-half\">\n\t\t\t<p><label>Adjuntar CV (PDF\/DOC\/DOCX)*<\/label><br \/>\n<span class=\"wpcf7-form-control-wrap\" data-name=\"cv\"><input size=\"40\" class=\"wpcf7-form-control wpcf7-file wpcf7-validates-as-required\" accept=\".pdf,.doc,.docx\" aria-required=\"true\" aria-invalid=\"false\" type=\"file\" name=\"cv\" \/><\/span>\n\t\t\t<\/p>\n\t\t<\/div>\n\t<\/div>\n\n <!-- \u2705 Informaci\u00f3n RGPD justo despu\u00e9s de los campos -->\n\t<div class=\"rgpd-info\" style=\"margin-top:15px;\">\n\t\t<p><strong>Informaci\u00f3 b\u00e0sica sobre protecci\u00f3 de dades:<\/strong>\n\t\t<\/p>\n\t\t<ul>\n\t\t\t<li>\n\t\t\t\t<p><strong>Responsable:<\/strong> ESR ENERGY SOLUTIONS S.L.\n\t\t\t\t<\/p>\n\t\t\t<\/li>\n\t\t\t<li>\n\t\t\t\t<p><strong>Domicili:<\/strong> Carrer de l'Arroyo del Soto, 6 28914 Legan\u00e9s, Madrid.\n\t\t\t\t<\/p>\n\t\t\t<\/li>\n\t\t\t<li>\n\t\t\t\t<p><strong>Finalitat:<\/strong> Les seves dades seran utilitzades per atendre la seva sol\u00b7licitud de feina o candidatura i contactar-lo per als processos de selecci\u00f3.\n\t\t\t\t<\/p>\n\t\t\t<\/li>\n\t\t\t<li>\n\t\t\t\t<p><strong>Legitimaci\u00f3:<\/strong> Les seves dades seran tractades nom\u00e9s si ho autoritza marcant les caselles informatives mostrades en aquest formulari.\n\t\t\t\t<\/p>\n\t\t\t<\/li>\n\t\t\t<li>\n\t\t\t\t<p><strong>Destinataris:<\/strong> Nom\u00e9s el personal de la nostra entitat i el de les empreses pertanyents al nostre grup que estiguin autoritzats podran tractar les dades personals que ens remeti.\n\t\t\t\t<\/p>\n\t\t\t<\/li>\n\t\t\t<li>\n\t\t\t\t<p><strong>Drets:<\/strong> Podeu exercir el vostre dret d'acc\u00e9s, rectificaci\u00f3, supressi\u00f3, oposici\u00f3, limitaci\u00f3 i revocaci\u00f3 a: <a href=\"mailto:hola@esr.solar\">hola@esr.solar<\/a>\n\t\t\t\t<\/p>\n\t\t\t<\/li>\n\t\t\t<li>\n\t\t\t\t<p><strong>M\u00e9s info:<\/strong> Disposeu de m\u00e9s informaci\u00f3 en la nostra <a href=\"https:\/\/esr.solar\/politica-de-solicitantes-de-empleo\/\" target=\"_blank\" rel=\"noopener\">Pol\u00edtica de solicitantes de empleo<\/a>.\n\t\t\t\t<\/p>\n\t\t\t<\/li>\n\t\t\t<li>\n\t\t\t\t<p><strong>DPD:<\/strong> Si t\u00e9 alguna queixa o dubte sobre com tractarem les seves dades, contacti amb el Delegat de protecci\u00f3 de dades a: <a href=\"mailto:info@businessadapter.es\">info@businessadapter.es<\/a> (ref. esr) o en aquest <a href=\"https:\/\/www.businessadapter.es\/contacta-con-el-delegado-de-proteccion-de-datos\" target=\"_blank\" rel=\"noopener\">Formulari.<\/a>\n\t\t\t\t<\/p>\n\t\t\t<\/li>\n\t\t<\/ul>\n\t<\/div>\n\n <!-- \u2705 Checkbox obligatorio + texto legal -->\n\t<div class=\"col-half field-terminos\" style=\"width:100%; margin-top:10px;\">\n\t\t<div class=\"field-condiciones\">\n\t\t\t<p><span class=\"wpcf7-form-control-wrap\" data-name=\"acceptance-949\"><span class=\"wpcf7-form-control wpcf7-acceptance\"><span class=\"wpcf7-list-item\"><input type=\"checkbox\" name=\"acceptance-949\" value=\"1\" aria-invalid=\"false\" \/><\/span><\/span><\/span>\n\t\t\t<\/p>\n\t\t\t<p><br \/>\nConsento expressament l'\u00fas de les meves dades, incloent-hi si escau dades sobre la meva salut, perqu\u00e8 m'incloguin a la seva borsa de treball i em contactin per informar-me sobre futurs processos de selecci\u00f3 o vacants, segons el que estableix la seva<br \/>\n<a href=\"https:\/\/esr.solar\/politica-de-solicitantes-de-empleo\/\" target=\"_blank\" rel=\"noopener\">Pol\u00edtica de Sol\u00b7licitants d'Ocupaci\u00f3.<\/a>\n\t\t\t<\/p>\n\t\t<\/div>\n\t<\/div>\n\n <!-- \u2705 Bot\u00f3n al final -->\n\t<div class=\"actions\">\n\t\t<p><input class=\"wpcf7-form-control wpcf7-submit has-spinner\" type=\"submit\" value=\"Enviar candidatura\" \/>\n\t\t<\/p>\n\t<\/div>\n<\/div><input type='hidden' class='wpcf7-pum' value='{\"closepopup\":false,\"closedelay\":0,\"openpopup\":false,\"openpopup_id\":0}' \/><div class=\"wpcf7-response-output\" aria-hidden=\"true\"><\/div>\n<\/form>\n<\/div>\n\n","protected":false},"excerpt":{"rendered":"Treballa amb nosaltres Nom complet* E-mail* Tel\u00e8fon Adjuntar CV (PDF\/DOC\/DOCX)* Informaci\u00f3 b\u00e0sica sobre protecci\u00f3 de dades: Responsable: ESR ENERGY SOLUTIONS S.L. Domicili: Carrer de l'Arroyo del Soto, 6 28914 Legan\u00e9s,...","protected":false},"author":3,"featured_media":0,"parent":0,"menu_order":0,"comment_status":"closed","ping_status":"closed","template":"","meta":{"om_disable_all_campaigns":false,"_glsr_average":0,"_glsr_ranking":0,"_glsr_reviews":0,"footnotes":""},"class_list":["post-1901","page","type-page","status-publish"],"yoast_head":"<!-- This site is optimized with the Yoast SEO plugin v24.1 - https:\/\/yoast.com\/wordpress\/plugins\/seo\/ -->\n<title>Treballa amb nosaltres - ESR Energy Solutions<\/title>\n<meta name=\"robots\" content=\"index, follow, max-snippet:-1, max-image-preview:large, max-video-preview:-1\" \/>\n<link rel=\"canonical\" href=\"https:\/\/esr.solar\/treballa-amb-nosaltres\/\" \/>\n<meta property=\"og:locale\" content=\"ca_ES\" \/>\n<meta property=\"og:type\" content=\"article\" \/>\n<meta property=\"og:title\" content=\"Treballa amb nosaltres - ESR Energy Solutions\" \/>\n<meta property=\"og:url\" content=\"https:\/\/esr.solar\/treballa-amb-nosaltres\/\" \/>\n<meta property=\"og:site_name\" content=\"ESR Energy Solutions\" \/>\n<meta name=\"twitter:card\" content=\"summary_large_image\" \/>\n<script type=\"application\/ld+json\" class=\"yoast-schema-graph\">{\"@context\":\"https:\/\/schema.org\",\"@graph\":[{\"@type\":\"WebPage\",\"@id\":\"https:\/\/esr.solar\/treballa-amb-nosaltres\/\",\"url\":\"https:\/\/esr.solar\/treballa-amb-nosaltres\/\",\"name\":\"Treballa amb nosaltres - ESR Energy Solutions\",\"isPartOf\":{\"@id\":\"https:\/\/esr.solar\/#website\"},\"datePublished\":\"2026-01-15T16:04:28+00:00\",\"dateModified\":\"2026-01-15T16:04:28+00:00\",\"breadcrumb\":{\"@id\":\"https:\/\/esr.solar\/treballa-amb-nosaltres\/#breadcrumb\"},\"inLanguage\":\"ca\",\"potentialAction\":[{\"@type\":\"ReadAction\",\"target\":[\"https:\/\/esr.solar\/treballa-amb-nosaltres\/\"]}]},{\"@type\":\"BreadcrumbList\",\"@id\":\"https:\/\/esr.solar\/treballa-amb-nosaltres\/#breadcrumb\",\"itemListElement\":[{\"@type\":\"ListItem\",\"position\":1,\"name\":\"Portada\",\"item\":\"https:\/\/esr.solar\/ca\/home\/\"},{\"@type\":\"ListItem\",\"position\":2,\"name\":\"Treballa amb nosaltres\"}]},{\"@type\":\"WebSite\",\"@id\":\"https:\/\/esr.solar\/#website\",\"url\":\"https:\/\/esr.solar\/\",\"name\":\"ESR Energy Solutions\",\"description\":\"\",\"potentialAction\":[{\"@type\":\"SearchAction\",\"target\":{\"@type\":\"EntryPoint\",\"urlTemplate\":\"https:\/\/esr.solar\/?s={search_term_string}\"},\"query-input\":{\"@type\":\"PropertyValueSpecification\",\"valueRequired\":true,\"valueName\":\"search_term_string\"}}],\"inLanguage\":\"ca\"}]}<\/script>\n<!-- \/ Yoast SEO plugin. -->","yoast_head_json":{"title":"Treballa amb nosaltres - ESR Energy Solutions","robots":{"index":"index","follow":"follow","max-snippet":"max-snippet:-1","max-image-preview":"max-image-preview:large","max-video-preview":"max-video-preview:-1"},"canonical":"https:\/\/esr.solar\/treballa-amb-nosaltres\/","og_locale":"ca_ES","og_type":"article","og_title":"Treballa amb nosaltres - ESR Energy Solutions","og_url":"https:\/\/esr.solar\/treballa-amb-nosaltres\/","og_site_name":"ESR Energy Solutions","twitter_card":"summary_large_image","schema":{"@context":"https:\/\/schema.org","@graph":[{"@type":"WebPage","@id":"https:\/\/esr.solar\/treballa-amb-nosaltres\/","url":"https:\/\/esr.solar\/treballa-amb-nosaltres\/","name":"Treballa amb nosaltres - ESR Energy Solutions","isPartOf":{"@id":"https:\/\/esr.solar\/#website"},"datePublished":"2026-01-15T16:04:28+00:00","dateModified":"2026-01-15T16:04:28+00:00","breadcrumb":{"@id":"https:\/\/esr.solar\/treballa-amb-nosaltres\/#breadcrumb"},"inLanguage":"ca","potentialAction":[{"@type":"ReadAction","target":["https:\/\/esr.solar\/treballa-amb-nosaltres\/"]}]},{"@type":"BreadcrumbList","@id":"https:\/\/esr.solar\/treballa-amb-nosaltres\/#breadcrumb","itemListElement":[{"@type":"ListItem","position":1,"name":"Portada","item":"https:\/\/esr.solar\/ca\/home\/"},{"@type":"ListItem","position":2,"name":"Treballa amb nosaltres"}]},{"@type":"WebSite","@id":"https:\/\/esr.solar\/#website","url":"https:\/\/esr.solar\/","name":"ESR Energy Solutions","description":"","potentialAction":[{"@type":"SearchAction","target":{"@type":"EntryPoint","urlTemplate":"https:\/\/esr.solar\/?s={search_term_string}"},"query-input":{"@type":"PropertyValueSpecification","valueRequired":true,"valueName":"search_term_string"}}],"inLanguage":"ca"}]}},"_links":{"self":[{"href":"https:\/\/esr.solar\/ca\/wp-json\/wp\/v2\/pages\/1901"}],"collection":[{"href":"https:\/\/esr.solar\/ca\/wp-json\/wp\/v2\/pages"}],"about":[{"href":"https:\/\/esr.solar\/ca\/wp-json\/wp\/v2\/types\/page"}],"author":[{"embeddable":true,"href":"https:\/\/esr.solar\/ca\/wp-json\/wp\/v2\/users\/3"}],"replies":[{"embeddable":true,"href":"https:\/\/esr.solar\/ca\/wp-json\/wp\/v2\/comments?post=1901"}],"version-history":[{"count":0,"href":"https:\/\/esr.solar\/ca\/wp-json\/wp\/v2\/pages\/1901\/revisions"}],"wp:attachment":[{"href":"https:\/\/esr.solar\/ca\/wp-json\/wp\/v2\/media?parent=1901"}],"curies":[{"name":"wp","href":"https:\/\/api.w.org\/{rel}","templated":true}]}}